{"id":500,"date":"2024-07-05T11:23:12","date_gmt":"2024-07-05T11:23:12","guid":{"rendered":"https:\/\/x-procomplex.pl\/?page_id=500"},"modified":"2026-01-18T17:11:58","modified_gmt":"2026-01-18T17:11:58","slug":"o-firmie","status":"publish","type":"page","link":"https:\/\/x-procomplex.pl\/index.php\/o-firmie\/","title":{"rendered":"o firmie"},"content":{"rendered":"\t\t<div data-elementor-type=\"wp-page\" data-elementor-id=\"500\" class=\"elementor elementor-500\">\n\t\t\t\t<div class=\"elementor-element elementor-element-dc85c1c e-flex e-con-boxed e-con e-parent\" data-id=\"dc85c1c\" data-element_type=\"container\">\n\t\t\t\t\t<div class=\"e-con-inner\">\n\t\t\t\t<div class=\"elementor-element elementor-element-afc26ac elementor-widget elementor-widget-spacer\" data-id=\"afc26ac\" data-element_type=\"widget\" data-widget_type=\"spacer.default\">\n\t\t\t\t<div class=\"elementor-widget-container\">\n\t\t\t<style>\/*! elementor - v3.22.0 - 26-06-2024 *\/\n.elementor-column .elementor-spacer-inner{height:var(--spacer-size)}.e-con{--container-widget-width:100%}.e-con-inner>.elementor-widget-spacer,.e-con>.elementor-widget-spacer{width:var(--container-widget-width,var(--spacer-size));--align-self:var(--container-widget-align-self,initial);--flex-shrink:0}.e-con-inner>.elementor-widget-spacer>.elementor-widget-container,.e-con>.elementor-widget-spacer>.elementor-widget-container{height:100%;width:100%}.e-con-inner>.elementor-widget-spacer>.elementor-widget-container>.elementor-spacer,.e-con>.elementor-widget-spacer>.elementor-widget-container>.elementor-spacer{height:100%}.e-con-inner>.elementor-widget-spacer>.elementor-widget-container>.elementor-spacer>.elementor-spacer-inner,.e-con>.elementor-widget-spacer>.elementor-widget-container>.elementor-spacer>.elementor-spacer-inner{height:var(--container-widget-height,var(--spacer-size))}.e-con-inner>.elementor-widget-spacer.elementor-widget-empty,.e-con>.elementor-widget-spacer.elementor-widget-empty{position:relative;min-height:22px;min-width:22px}.e-con-inner>.elementor-widget-spacer.elementor-widget-empty .elementor-widget-empty-icon,.e-con>.elementor-widget-spacer.elementor-widget-empty .elementor-widget-empty-icon{position:absolute;top:0;bottom:0;left:0;right:0;margin:auto;padding:0;width:22px;height:22px}<\/style>\t\t<div class=\"elementor-spacer\">\n\t\t\t<div class=\"elementor-spacer-inner\"><\/div>\n\t\t<\/div>\n\t\t\t\t<\/div>\n\t\t\t\t<\/div>\n\t\t\t\t\t<\/div>\n\t\t\t\t<\/div>\n\t\t<div class=\"elementor-element elementor-element-a1fcde1 e-flex e-con-boxed e-con e-parent\" data-id=\"a1fcde1\" data-element_type=\"container\">\n\t\t\t\t\t<div class=\"e-con-inner\">\n\t\t\t\t<div class=\"elementor-element elementor-element-410b92c elementor-widget elementor-widget-text-editor\" data-id=\"410b92c\" data-element_type=\"widget\" data-widget_type=\"text-editor.default\">\n\t\t\t\t<div class=\"elementor-widget-container\">\n\t\t\t<style>\/*! elementor - v3.22.0 - 26-06-2024 *\/\n.elementor-widget-text-editor.elementor-drop-cap-view-stacked .elementor-drop-cap{background-color:#69727d;color:#fff}.elementor-widget-text-editor.elementor-drop-cap-view-framed .elementor-drop-cap{color:#69727d;border:3px solid;background-color:transparent}.elementor-widget-text-editor:not(.elementor-drop-cap-view-default) .elementor-drop-cap{margin-top:8px}.elementor-widget-text-editor:not(.elementor-drop-cap-view-default) .elementor-drop-cap-letter{width:1em;height:1em}.elementor-widget-text-editor .elementor-drop-cap{float:left;text-align:center;line-height:1;font-size:50px}.elementor-widget-text-editor .elementor-drop-cap-letter{display:inline-block}<\/style>\t\t\t\t<p>X-Pro Complex to firma remontowo-wyko\u0144czeniowa z ponad 30-letnim do\u015bwiadczeniem, kt\u00f3ra specjalizuje si\u0119 w kompleksowych us\u0142ugach remontowych dla klient\u00f3w indywidualnych i biznesowych. Nasze d\u0142ugoletnie do\u015bwiadczenie w bran\u017cy pozwala nam na realizacj\u0119 projekt\u00f3w z najwy\u017csz\u0105 precyzj\u0105 i profesjonalizmem.<\/p><p>Jako dow\u00f3d naszej renomy i kompetencji, zrealizowali\u015bmy remonty dla uznanych firm takich jak Kancelaria Prawna Sadkowski i Wsp\u00f3lnicy oraz sieci salonu masa\u017cu tajskiego Amari SPA. Dzi\u0119ki \u015bcis\u0142ej wsp\u00f3\u0142pracy z tymi renomowanymi klientami, mogli\u015bmy dostosowa\u0107 nasze us\u0142ugi do ich specyficznych potrzeb i zapewni\u0107 najwy\u017cszy standard wykonania w ka\u017cdym detalu.<\/p><p>W X-Pro Complex \u0142\u0105czymy do\u015bwiadczenie z indywidualnym podej\u015bciem do klienta, gwarantuj\u0105c, \u017ce ka\u017cdy projekt przebiega sprawnie i zgodnie z oczekiwaniami. Nasze kompetencje oraz zaufanie, jakim obdarzaj\u0105 nas nasi partnerzy, s\u0105 najlepszym dowodem na nasz\u0105 jako\u015b\u0107 i profesjonalizm.<\/p>\t\t\t\t\t\t<\/div>\n\t\t\t\t<\/div>\n\t\t\t\t\t<\/div>\n\t\t\t\t<\/div>\n\t\t<div class=\"elementor-element elementor-element-532cf8e e-grid e-con-boxed e-con e-parent\" data-id=\"532cf8e\" data-element_type=\"container\">\n\t\t\t\t\t<div class=\"e-con-inner\">\n\t\t\t\t<div class=\"elementor-element elementor-element-a29d8bd elementor-widget elementor-widget-image\" data-id=\"a29d8bd\" data-element_type=\"widget\" data-widget_type=\"image.default\">\n\t\t\t\t<div class=\"elementor-widget-container\">\n\t\t\t<style>\/*! elementor - v3.22.0 - 26-06-2024 *\/\n.elementor-widget-image{text-align:center}.elementor-widget-image a{display:inline-block}.elementor-widget-image a img[src$=\".svg\"]{width:48px}.elementor-widget-image img{vertical-align:middle;display:inline-block}<\/style>\t\t\t\t\t\t\t\t\t\t<img fetchpriority=\"high\" decoding=\"async\" width=\"683\" height=\"1024\" src=\"https:\/\/x-procomplex.pl\/wp-content\/uploads\/2024\/09\/IMG_9745-1-scaled-1-683x1024.jpg\" class=\"elementor-animation-grow attachment-large size-large wp-image-695\" alt=\"\" srcset=\"https:\/\/x-procomplex.pl\/wp-content\/uploads\/2024\/09\/IMG_9745-1-scaled-1-683x1024.jpg 683w, https:\/\/x-procomplex.pl\/wp-content\/uploads\/2024\/09\/IMG_9745-1-scaled-1-200x300.jpg 200w, https:\/\/x-procomplex.pl\/wp-content\/uploads\/2024\/09\/IMG_9745-1-scaled-1-768x1152.jpg 768w, https:\/\/x-procomplex.pl\/wp-content\/uploads\/2024\/09\/IMG_9745-1-scaled-1-1024x1536.jpg 1024w, https:\/\/x-procomplex.pl\/wp-content\/uploads\/2024\/09\/IMG_9745-1-scaled-1-1366x2048.jpg 1366w, https:\/\/x-procomplex.pl\/wp-content\/uploads\/2024\/09\/IMG_9745-1-scaled-1.jpg 1707w\" sizes=\"(max-width: 683px) 100vw, 683px\" \/>\t\t\t\t\t\t\t\t\t\t\t\t\t<\/div>\n\t\t\t\t<\/div>\n\t\t\t\t<div class=\"elementor-element elementor-element-fb59c6e elementor-widget elementor-widget-image\" data-id=\"fb59c6e\" data-element_type=\"widget\" data-widget_type=\"image.default\">\n\t\t\t\t<div class=\"elementor-widget-container\">\n\t\t\t\t\t\t\t\t\t\t\t\t\t<img decoding=\"async\" width=\"682\" height=\"1024\" src=\"https:\/\/x-procomplex.pl\/wp-content\/uploads\/2024\/09\/IMG_3683-scaled-1-682x1024.jpg\" class=\"elementor-animation-grow attachment-large size-large wp-image-693\" alt=\"\" srcset=\"https:\/\/x-procomplex.pl\/wp-content\/uploads\/2024\/09\/IMG_3683-scaled-1-682x1024.jpg 682w, https:\/\/x-procomplex.pl\/wp-content\/uploads\/2024\/09\/IMG_3683-scaled-1-200x300.jpg 200w, https:\/\/x-procomplex.pl\/wp-content\/uploads\/2024\/09\/IMG_3683-scaled-1-768x1152.jpg 768w, https:\/\/x-procomplex.pl\/wp-content\/uploads\/2024\/09\/IMG_3683-scaled-1-1024x1536.jpg 1024w, https:\/\/x-procomplex.pl\/wp-content\/uploads\/2024\/09\/IMG_3683-scaled-1-1365x2048.jpg 1365w, https:\/\/x-procomplex.pl\/wp-content\/uploads\/2024\/09\/IMG_3683-scaled-1.jpg 1706w\" sizes=\"(max-width: 682px) 100vw, 682px\" \/>\t\t\t\t\t\t\t\t\t\t\t\t\t<\/div>\n\t\t\t\t<\/div>\n\t\t\t\t<div class=\"elementor-element elementor-element-930df61 elementor-widget elementor-widget-image\" data-id=\"930df61\" data-element_type=\"widget\" data-widget_type=\"image.default\">\n\t\t\t\t<div class=\"elementor-widget-container\">\n\t\t\t\t\t\t\t\t\t\t\t\t\t<img decoding=\"async\" width=\"683\" height=\"1024\" src=\"https:\/\/x-procomplex.pl\/wp-content\/uploads\/2024\/09\/IMG_9734-1-scaled-1-683x1024.jpg\" class=\"elementor-animation-grow attachment-large size-large wp-image-694\" alt=\"\" srcset=\"https:\/\/x-procomplex.pl\/wp-content\/uploads\/2024\/09\/IMG_9734-1-scaled-1-683x1024.jpg 683w, https:\/\/x-procomplex.pl\/wp-content\/uploads\/2024\/09\/IMG_9734-1-scaled-1-200x300.jpg 200w, https:\/\/x-procomplex.pl\/wp-content\/uploads\/2024\/09\/IMG_9734-1-scaled-1-768x1152.jpg 768w, https:\/\/x-procomplex.pl\/wp-content\/uploads\/2024\/09\/IMG_9734-1-scaled-1-1024x1536.jpg 1024w, https:\/\/x-procomplex.pl\/wp-content\/uploads\/2024\/09\/IMG_9734-1-scaled-1-1366x2048.jpg 1366w, https:\/\/x-procomplex.pl\/wp-content\/uploads\/2024\/09\/IMG_9734-1-scaled-1.jpg 1707w\" sizes=\"(max-width: 683px) 100vw, 683px\" \/>\t\t\t\t\t\t\t\t\t\t\t\t\t<\/div>\n\t\t\t\t<\/div>\n\t\t\t\t\t<\/div>\n\t\t\t\t<\/div>\n\t\t\t\t<\/div>\n\t\t","protected":false},"excerpt":{"rendered":"<p>X-Pro Complex to firma remontowo-wyko\u0144czeniowa z ponad 30-letnim do\u015bwiadczeniem, kt\u00f3ra specjalizuje si\u0119 w kompleksowych us\u0142ugach remontowych dla klient\u00f3w indywidualnych i [&hellip;]<\/p>\n","protected":false},"author":1,"featured_media":0,"parent":0,"menu_order":0,"comment_status":"closed","ping_status":"closed","template":"","meta":{"site-sidebar-layout":"no-sidebar","site-content-layout":"","ast-site-content-layout":"full-width-container","site-content-style":"default","site-sidebar-style":"default","ast-global-header-display":"","ast-banner-title-visibility":"","ast-main-header-display":"","ast-hfb-above-header-display":"","ast-hfb-below-header-display":"","ast-hfb-mobile-header-display":"","site-post-title":"disabled","ast-breadcrumbs-content":"","ast-featured-img":"disabled","footer-sml-layout":"","theme-transparent-header-meta":"","adv-header-id-meta":"","stick-header-meta":"","header-above-stick-meta":"","header-main-stick-meta":"","header-below-stick-meta":"","astra-migrate-meta-layouts":"default","ast-page-background-enabled":"default","ast-page-background-meta":{"desktop":{"background-color":"var(--ast-global-color-4)","background-image":"","background-repeat":"repeat","background-position":"center center","background-size":"auto","background-attachment":"scroll","background-type":"","background-media":"","overlay-type":"","overlay-color":"","overlay-opacity":"","overlay-gradient":""},"tablet":{"background-color":"","background-image":"","background-repeat":"repeat","background-position":"center center","background-size":"auto","background-attachment":"scroll","background-type":"","background-media":"","overlay-type":"","overlay-color":"","overlay-opacity":"","overlay-gradient":""},"mobile":{"background-color":"","background-image":"","background-repeat":"repeat","background-position":"center center","background-size":"auto","background-attachment":"scroll","background-type":"","background-media":"","overlay-type":"","overlay-color":"","overlay-opacity":"","overlay-gradient":""}},"ast-content-background-meta":{"desktop":{"background-color":"var(--ast-global-color-5)","background-image":"","background-repeat":"repeat","background-position":"center center","background-size":"auto","background-attachment":"scroll","background-type":"","background-media":"","overlay-type":"","overlay-color":"","overlay-opacity":"","overlay-gradient":""},"tablet":{"background-color":"var(--ast-global-color-5)","background-image":"","background-repeat":"repeat","background-position":"center center","background-size":"auto","background-attachment":"scroll","background-type":"","background-media":"","overlay-type":"","overlay-color":"","overlay-opacity":"","overlay-gradient":""},"mobile":{"background-color":"var(--ast-global-color-5)","background-image":"","background-repeat":"repeat","background-position":"center center","background-size":"auto","background-attachment":"scroll","background-type":"","background-media":"","overlay-type":"","overlay-color":"","overlay-opacity":"","overlay-gradient":""}},"footnotes":""},"class_list":["post-500","page","type-page","status-publish","hentry"],"_links":{"self":[{"href":"https:\/\/x-procomplex.pl\/index.php\/wp-json\/wp\/v2\/pages\/500","targetHints":{"allow":["GET"]}}],"collection":[{"href":"https:\/\/x-procomplex.pl\/index.php\/wp-json\/wp\/v2\/pages"}],"about":[{"href":"https:\/\/x-procomplex.pl\/index.php\/wp-json\/wp\/v2\/types\/page"}],"author":[{"embeddable":true,"href":"https:\/\/x-procomplex.pl\/index.php\/wp-json\/wp\/v2\/users\/1"}],"replies":[{"embeddable":true,"href":"https:\/\/x-procomplex.pl\/index.php\/wp-json\/wp\/v2\/comments?post=500"}],"version-history":[{"count":32,"href":"https:\/\/x-procomplex.pl\/index.php\/wp-json\/wp\/v2\/pages\/500\/revisions"}],"predecessor-version":[{"id":1603,"href":"https:\/\/x-procomplex.pl\/index.php\/wp-json\/wp\/v2\/pages\/500\/revisions\/1603"}],"wp:attachment":[{"href":"https:\/\/x-procomplex.pl\/index.php\/wp-json\/wp\/v2\/media?parent=500"}],"curies":[{"name":"wp","href":"https:\/\/api.w.org\/{rel}","templated":true}]}}